{"id":1367,"date":"2018-06-11T15:22:13","date_gmt":"2018-06-11T15:22:13","guid":{"rendered":"https:\/\/oreaelenileros.com\/?page_id=1367"},"modified":"2026-04-16T22:01:23","modified_gmt":"2026-04-16T22:01:23","slug":"uber-orea-eleni","status":"publish","type":"page","link":"https:\/\/oreaelenileros.com\/de\/uber-orea-eleni\/","title":{"rendered":"\u00dcber Orea Eleni"},"content":{"rendered":"\t\t<div data-elementor-type=\"wp-post\" data-elementor-id=\"1367\" class=\"elementor elementor-1367 elementor-186\">\n\t\t\t\t\t\t<section class=\"elementor-section elementor-top-section elementor-element elementor-element-7cafb884 elementor-section-boxed elementor-section-height-default elementor-section-height-default\" data-id=\"7cafb884\" data-element_type=\"section\" data-e-type=\"section\">\n\t\t\t\t\t\t<div class=\"elementor-container elementor-column-gap-no\">\n\t\t\t\t\t<div class=\"elementor-column elementor-col-100 elementor-top-column elementor-element elementor-element-ea5445e\" data-id=\"ea5445e\" data-element_type=\"column\" data-e-type=\"column\">\n\t\t\t<div class=\"elementor-widget-wrap elementor-element-populated\">\n\t\t\t\t\t\t<div class=\"elementor-element elementor-element-40bc2eeb elementor-widget elementor-widget-image\" data-id=\"40bc2eeb\" data-element_type=\"widget\" data-e-type=\"widget\" data-widget_type=\"image.default\">\n\t\t\t\t\t\t\t\t\t\t\t\t\t\t\t<img fetchpriority=\"high\" decoding=\"async\" width=\"768\" height=\"576\" src=\"https:\/\/oreaelenileros.com\/wp-content\/uploads\/2026\/04\/att.zd9cYKLzDlAqt9ZSAMZKEWTlfT8JU7aY4S9vsJAunas-1024x768.jpeg\" class=\"attachment-large size-large wp-image-1369\" alt=\"\" srcset=\"https:\/\/oreaelenileros.com\/wp-content\/uploads\/2026\/04\/att.zd9cYKLzDlAqt9ZSAMZKEWTlfT8JU7aY4S9vsJAunas-1024x768.jpeg 1024w, https:\/\/oreaelenileros.com\/wp-content\/uploads\/2026\/04\/att.zd9cYKLzDlAqt9ZSAMZKEWTlfT8JU7aY4S9vsJAunas-300x225.jpeg 300w, https:\/\/oreaelenileros.com\/wp-content\/uploads\/2026\/04\/att.zd9cYKLzDlAqt9ZSAMZKEWTlfT8JU7aY4S9vsJAunas-768x576.jpeg 768w, https:\/\/oreaelenileros.com\/wp-content\/uploads\/2026\/04\/att.zd9cYKLzDlAqt9ZSAMZKEWTlfT8JU7aY4S9vsJAunas-1536x1152.jpeg 1536w, https:\/\/oreaelenileros.com\/wp-content\/uploads\/2026\/04\/att.zd9cYKLzDlAqt9ZSAMZKEWTlfT8JU7aY4S9vsJAunas-405x304.jpeg 405w, https:\/\/oreaelenileros.com\/wp-content\/uploads\/2026\/04\/att.zd9cYKLzDlAqt9ZSAMZKEWTlfT8JU7aY4S9vsJAunas.jpeg 2048w\" sizes=\"(max-width: 768px) 100vw, 768px\" \/>\t\t\t\t\t\t\t\t\t\t\t\t\t\t\t<\/div>\n\t\t\t\t<div class=\"elementor-element elementor-element-2e7f107d elementor-widget elementor-widget-heading\" data-id=\"2e7f107d\" data-element_type=\"widget\" data-e-type=\"widget\" data-widget_type=\"heading.default\">\n\t\t\t\t\t<h3 class=\"elementor-heading-title elementor-size-default\">Ein ruhiger Aufenthalt in Vromolithos, Leros<\/h3>\t\t\t\t<\/div>\n\t\t\t\t<div class=\"elementor-element elementor-element-2bd03058 elementor-widget elementor-widget-text-editor\" data-id=\"2bd03058\" data-element_type=\"widget\" data-e-type=\"widget\" data-widget_type=\"text-editor.default\">\n\t\t\t\t\t\t\t\t\t<p>Orea Eleni ist eine familienfreundliche Immobilie in Vromolithos, Leros, mit 4 Wohnungen in einem Geb\u00e4ude. Das Grundst\u00fcck liegt in einer ruhigen Gegend, nur 50 Meter vom Meer entfernt, etwa 1 km vom Zentrum und dem Hafen sowie 6,4 km vom Flughafen entfernt. Die G\u00e4ste befinden sich au\u00dferdem in der N\u00e4he von Superm\u00e4rkten, B\u00e4ckereien, Caf\u00e9s, Restaurants und lokalen Str\u00e4nden wie Panteli Beach und Vromolithos Beach.<br data-start=\"8124\" data-end=\"8127\">Die Immobilie bietet 3 private Parkpl\u00e4tze, Au\u00dfenbereiche wie Innenhof, Garten, Veranda und Dachterrasse sowie eine Abholm\u00f6glichkeit auf Anfrage. Die Kommunikation ist auf Englisch, Deutsch und Griechisch verf\u00fcgbar. Es gibt eine Rampe, mit ein paar Stufen vor der Wohnung.    <\/p>\t\t\t\t\t\t\t\t<\/div>\n\t\t\t\t<section class=\"elementor-section elementor-inner-section elementor-element elementor-element-77123262 elementor-section-boxed elementor-section-height-default elementor-section-height-default\" data-id=\"77123262\" data-element_type=\"section\" data-e-type=\"section\">\n\t\t\t\t\t\t<div class=\"elementor-container elementor-column-gap-default\">\n\t\t\t\t\t<div class=\"elementor-column elementor-col-33 elementor-inner-column elementor-element elementor-element-230bde2c\" data-id=\"230bde2c\" data-element_type=\"column\" data-e-type=\"column\">\n\t\t\t<div class=\"elementor-widget-wrap elementor-element-populated\">\n\t\t\t\t\t\t<div class=\"elementor-element elementor-element-78e74ec0 elementor-widget elementor-widget-image\" data-id=\"78e74ec0\" data-element_type=\"widget\" data-e-type=\"widget\" data-widget_type=\"image.default\">\n\t\t\t\t\t\t\t\t\t\t\t\t\t\t\t\t<a href=\"\/portfolio\/\">\n\t\t\t\t\t\t\t<img decoding=\"async\" width=\"768\" height=\"480\" src=\"https:\/\/oreaelenileros.com\/wp-content\/uploads\/2026\/04\/f05392d1-90d6-43d6-a51d-1a1f43af98e3-768x480.jpeg\" class=\"attachment-alpenhouse-post-thumbnail-cropped size-alpenhouse-post-thumbnail-cropped wp-image-1371\" alt=\"\" \/>\t\t\t\t\t\t\t\t<\/a>\n\t\t\t\t\t\t\t\t\t\t\t\t\t\t\t<\/div>\n\t\t\t\t\t<\/div>\n\t\t<\/div>\n\t\t\t\t<div class=\"elementor-column elementor-col-33 elementor-inner-column elementor-element elementor-element-4e090b2\" data-id=\"4e090b2\" data-element_type=\"column\" data-e-type=\"column\">\n\t\t\t<div class=\"elementor-widget-wrap elementor-element-populated\">\n\t\t\t\t\t\t<div class=\"elementor-element elementor-element-45ba8bc0 elementor-widget elementor-widget-image\" data-id=\"45ba8bc0\" data-element_type=\"widget\" data-e-type=\"widget\" data-widget_type=\"image.default\">\n\t\t\t\t\t\t\t\t\t\t\t\t\t\t\t\t<a href=\"\/portfolio\/\">\n\t\t\t\t\t\t\t<img decoding=\"async\" width=\"768\" height=\"480\" src=\"https:\/\/oreaelenileros.com\/wp-content\/uploads\/2026\/04\/IMG_5015-1-768x480.jpg\" class=\"attachment-alpenhouse-post-thumbnail-cropped size-alpenhouse-post-thumbnail-cropped wp-image-1372\" alt=\"\" srcset=\"https:\/\/oreaelenileros.com\/wp-content\/uploads\/2026\/04\/IMG_5015-1-768x480.jpg 768w, https:\/\/oreaelenileros.com\/wp-content\/uploads\/2026\/04\/IMG_5015-1-1280x800.jpg 1280w\" sizes=\"(max-width: 768px) 100vw, 768px\" \/>\t\t\t\t\t\t\t\t<\/a>\n\t\t\t\t\t\t\t\t\t\t\t\t\t\t\t<\/div>\n\t\t\t\t\t<\/div>\n\t\t<\/div>\n\t\t\t\t<div class=\"elementor-column elementor-col-33 elementor-inner-column elementor-element elementor-element-774b5e54\" data-id=\"774b5e54\" data-element_type=\"column\" data-e-type=\"column\">\n\t\t\t<div class=\"elementor-widget-wrap elementor-element-populated\">\n\t\t\t\t\t\t<div class=\"elementor-element elementor-element-4b56d827 elementor-widget elementor-widget-image\" data-id=\"4b56d827\" data-element_type=\"widget\" data-e-type=\"widget\" data-widget_type=\"image.default\">\n\t\t\t\t\t\t\t\t\t\t\t\t\t\t\t\t<a href=\"\/portfolio\/\">\n\t\t\t\t\t\t\t<img loading=\"lazy\" decoding=\"async\" width=\"768\" height=\"480\" src=\"https:\/\/oreaelenileros.com\/wp-content\/uploads\/2026\/04\/IMG_4113-768x480.jpeg\" class=\"attachment-alpenhouse-post-thumbnail-cropped size-alpenhouse-post-thumbnail-cropped wp-image-1374\" alt=\"\" srcset=\"https:\/\/oreaelenileros.com\/wp-content\/uploads\/2026\/04\/IMG_4113-768x480.jpeg 768w, https:\/\/oreaelenileros.com\/wp-content\/uploads\/2026\/04\/IMG_4113-1280x800.jpeg 1280w\" sizes=\"(max-width: 768px) 100vw, 768px\" \/>\t\t\t\t\t\t\t\t<\/a>\n\t\t\t\t\t\t\t\t\t\t\t\t\t\t\t<\/div>\n\t\t\t\t\t<\/div>\n\t\t<\/div>\n\t\t\t\t\t<\/div>\n\t\t<\/section>\n\t\t\t\t\t<\/div>\n\t\t<\/div>\n\t\t\t\t\t<\/div>\n\t\t<\/section>\n\t\t<div class=\"elementor-element elementor-element-4a7629d e-flex e-con-boxed e-con e-parent\" data-id=\"4a7629d\" data-element_type=\"container\" data-e-type=\"container\" data-settings=\"{&quot;background_background&quot;:&quot;classic&quot;}\">\n\t\t\t\t\t<div class=\"e-con-inner\">\n\t\t<div class=\"elementor-element elementor-element-b9cad22 e-con-full e-flex e-con e-child\" data-id=\"b9cad22\" data-element_type=\"container\" data-e-type=\"container\">\n\t\t\t\t<div class=\"elementor-element elementor-element-760cac1 elementor-widget elementor-widget-counter\" data-id=\"760cac1\" data-element_type=\"widget\" data-e-type=\"widget\" data-widget_type=\"counter.default\">\n\t\t\t\t\t\t\t<div class=\"elementor-counter\">\n\t\t\t<div class=\"elementor-counter-title\">Privatwohnungen<\/div>\t\t\t<div class=\"elementor-counter-number-wrapper\">\n\t\t\t\t<span class=\"elementor-counter-number-prefix\"><\/span>\n\t\t\t\t<span class=\"elementor-counter-number\" data-duration=\"2000\" data-to-value=\"5\" data-from-value=\"\"><\/span>\n\t\t\t\t<span class=\"elementor-counter-number-suffix\"><\/span>\n\t\t\t<\/div>\n\t\t<\/div>\n\t\t\t\t\t\t<\/div>\n\t\t\t\t<\/div>\n\t\t<div class=\"elementor-element elementor-element-a243128 e-con-full e-flex e-con e-child\" data-id=\"a243128\" data-element_type=\"container\" data-e-type=\"container\">\n\t\t\t\t<div class=\"elementor-element elementor-element-6274679 elementor-widget elementor-widget-counter\" data-id=\"6274679\" data-element_type=\"widget\" data-e-type=\"widget\" data-widget_type=\"counter.default\">\n\t\t\t\t\t\t\t<div class=\"elementor-counter\">\n\t\t\t<div class=\"elementor-counter-title\">M vom Meer<\/div>\t\t\t<div class=\"elementor-counter-number-wrapper\">\n\t\t\t\t<span class=\"elementor-counter-number-prefix\"><\/span>\n\t\t\t\t<span class=\"elementor-counter-number\" data-duration=\"2000\" data-to-value=\"50\" data-from-value=\"\"><\/span>\n\t\t\t\t<span class=\"elementor-counter-number-suffix\"><\/span>\n\t\t\t<\/div>\n\t\t<\/div>\n\t\t\t\t\t\t<\/div>\n\t\t\t\t<\/div>\n\t\t<div class=\"elementor-element elementor-element-ec76000 e-con-full e-flex e-con e-child\" data-id=\"ec76000\" data-element_type=\"container\" data-e-type=\"container\">\n\t\t\t\t<div class=\"elementor-element elementor-element-1b56574 elementor-widget elementor-widget-counter\" data-id=\"1b56574\" data-element_type=\"widget\" data-e-type=\"widget\" data-widget_type=\"counter.default\">\n\t\t\t\t\t\t\t<div class=\"elementor-counter\">\n\t\t\t<div class=\"elementor-counter-title\">Parkpl\u00e4tze<\/div>\t\t\t<div class=\"elementor-counter-number-wrapper\">\n\t\t\t\t<span class=\"elementor-counter-number-prefix\"><\/span>\n\t\t\t\t<span class=\"elementor-counter-number\" data-duration=\"2000\" data-to-value=\"3\" data-from-value=\"\"><\/span>\n\t\t\t\t<span class=\"elementor-counter-number-suffix\"><\/span>\n\t\t\t<\/div>\n\t\t<\/div>\n\t\t\t\t\t\t<\/div>\n\t\t\t\t<\/div>\n\t\t<div class=\"elementor-element elementor-element-a327333 e-con-full e-flex e-con e-child\" data-id=\"a327333\" data-element_type=\"container\" data-e-type=\"container\">\n\t\t\t\t<div class=\"elementor-element elementor-element-c1609b9 elementor-widget elementor-widget-counter\" data-id=\"c1609b9\" data-element_type=\"widget\" data-e-type=\"widget\" data-widget_type=\"counter.default\">\n\t\t\t\t\t\t\t<div class=\"elementor-counter\">\n\t\t\t<div class=\"elementor-counter-title\">km Zum Hafen<\/div>\t\t\t<div class=\"elementor-counter-number-wrapper\">\n\t\t\t\t<span class=\"elementor-counter-number-prefix\"><\/span>\n\t\t\t\t<span class=\"elementor-counter-number\" data-duration=\"2000\" data-to-value=\"1\" data-from-value=\"\"><\/span>\n\t\t\t\t<span class=\"elementor-counter-number-suffix\"><\/span>\n\t\t\t<\/div>\n\t\t<\/div>\n\t\t\t\t\t\t<\/div>\n\t\t\t\t<\/div>\n\t\t\t\t\t<\/div>\n\t\t\t\t<\/div>\n\t\t\t\t<\/div>\n\t\t","protected":false},"excerpt":{"rendered":"<p>Ein ruhiger Aufenthalt in Vromolithos, Leros Orea Eleni ist eine familienfreundliche Immobilie in Vromolithos, Leros, mit 4 Wohnungen in einem Geb\u00e4ude. Das Grundst\u00fcck liegt in einer ruhigen Gegend, nur 50 Meter vom Meer entfernt, etwa 1 km vom Zentrum und dem Hafen sowie 6,4 km vom Flughafen entfernt. Die G\u00e4ste befinden sich au\u00dferdem in der [&hellip;]<\/p>\n","protected":false},"author":1,"featured_media":0,"parent":0,"menu_order":0,"comment_status":"closed","ping_status":"closed","template":"","meta":{"footnotes":""},"class_list":["post-1367","page","type-page","status-publish","hentry"],"yoast_head":"<!-- This site is optimized with the Yoast SEO plugin v27.4 - https:\/\/yoast.com\/product\/yoast-seo-wordpress\/ -->\n<title>\u00dcber Orea Eleni - Orea Eleni Leros<\/title>\n<meta name=\"robots\" content=\"index, follow, max-snippet:-1, max-image-preview:large, max-video-preview:-1\" \/>\n<link rel=\"canonical\" href=\"https:\/\/oreaelenileros.com\/de\/uber-orea-eleni\/\" \/>\n<meta property=\"og:locale\" content=\"de_DE\" \/>\n<meta property=\"og:type\" content=\"article\" \/>\n<meta property=\"og:title\" content=\"\u00dcber Orea Eleni - Orea Eleni Leros\" \/>\n<meta property=\"og:description\" content=\"Ein ruhiger Aufenthalt in Vromolithos, Leros Orea Eleni ist eine familienfreundliche Immobilie in Vromolithos, Leros, mit 4 Wohnungen in einem Geb\u00e4ude. Das Grundst\u00fcck liegt in einer ruhigen Gegend, nur 50 Meter vom Meer entfernt, etwa 1 km vom Zentrum und dem Hafen sowie 6,4 km vom Flughafen entfernt. Die G\u00e4ste befinden sich au\u00dferdem in der [&hellip;]\" \/>\n<meta property=\"og:url\" content=\"https:\/\/oreaelenileros.com\/de\/uber-orea-eleni\/\" \/>\n<meta property=\"og:site_name\" content=\"Orea Eleni Leros\" \/>\n<meta property=\"article:modified_time\" content=\"2026-04-16T22:01:23+00:00\" \/>\n<meta property=\"og:image\" content=\"https:\/\/oreaelenileros.com\/wp-content\/uploads\/2026\/04\/att.zd9cYKLzDlAqt9ZSAMZKEWTlfT8JU7aY4S9vsJAunas.jpeg\" \/>\n\t<meta property=\"og:image:width\" content=\"2048\" \/>\n\t<meta property=\"og:image:height\" content=\"1536\" \/>\n\t<meta property=\"og:image:type\" content=\"image\/jpeg\" \/>\n<meta name=\"twitter:card\" content=\"summary_large_image\" \/>\n<meta name=\"twitter:label1\" content=\"Gesch\u00e4tzte Lesezeit\" \/>\n\t<meta name=\"twitter:data1\" content=\"1\u00a0Minute\" \/>\n<script type=\"application\/ld+json\" class=\"yoast-schema-graph\">{\"@context\":\"https:\\\/\\\/schema.org\",\"@graph\":[{\"@type\":\"WebPage\",\"@id\":\"https:\\\/\\\/oreaelenileros.com\\\/de\\\/uber-orea-eleni\\\/\",\"url\":\"https:\\\/\\\/oreaelenileros.com\\\/de\\\/uber-orea-eleni\\\/\",\"name\":\"\u00dcber Orea Eleni - Orea Eleni Leros\",\"isPartOf\":{\"@id\":\"https:\\\/\\\/oreaelenileros.com\\\/de\\\/#website\"},\"primaryImageOfPage\":{\"@id\":\"https:\\\/\\\/oreaelenileros.com\\\/de\\\/uber-orea-eleni\\\/#primaryimage\"},\"image\":{\"@id\":\"https:\\\/\\\/oreaelenileros.com\\\/de\\\/uber-orea-eleni\\\/#primaryimage\"},\"thumbnailUrl\":\"https:\\\/\\\/oreaelenileros.com\\\/wp-content\\\/uploads\\\/2026\\\/04\\\/att.zd9cYKLzDlAqt9ZSAMZKEWTlfT8JU7aY4S9vsJAunas-1024x768.jpeg\",\"datePublished\":\"2018-06-11T15:22:13+00:00\",\"dateModified\":\"2026-04-16T22:01:23+00:00\",\"breadcrumb\":{\"@id\":\"https:\\\/\\\/oreaelenileros.com\\\/de\\\/uber-orea-eleni\\\/#breadcrumb\"},\"inLanguage\":\"de\",\"potentialAction\":[{\"@type\":\"ReadAction\",\"target\":[\"https:\\\/\\\/oreaelenileros.com\\\/de\\\/uber-orea-eleni\\\/\"]}]},{\"@type\":\"ImageObject\",\"inLanguage\":\"de\",\"@id\":\"https:\\\/\\\/oreaelenileros.com\\\/de\\\/uber-orea-eleni\\\/#primaryimage\",\"url\":\"https:\\\/\\\/oreaelenileros.com\\\/wp-content\\\/uploads\\\/2026\\\/04\\\/att.zd9cYKLzDlAqt9ZSAMZKEWTlfT8JU7aY4S9vsJAunas-1024x768.jpeg\",\"contentUrl\":\"https:\\\/\\\/oreaelenileros.com\\\/wp-content\\\/uploads\\\/2026\\\/04\\\/att.zd9cYKLzDlAqt9ZSAMZKEWTlfT8JU7aY4S9vsJAunas-1024x768.jpeg\"},{\"@type\":\"BreadcrumbList\",\"@id\":\"https:\\\/\\\/oreaelenileros.com\\\/de\\\/uber-orea-eleni\\\/#breadcrumb\",\"itemListElement\":[{\"@type\":\"ListItem\",\"position\":1,\"name\":\"Home\",\"item\":\"https:\\\/\\\/oreaelenileros.com\\\/de\\\/\"},{\"@type\":\"ListItem\",\"position\":2,\"name\":\"\u00dcber Orea Eleni\"}]},{\"@type\":\"WebSite\",\"@id\":\"https:\\\/\\\/oreaelenileros.com\\\/de\\\/#website\",\"url\":\"https:\\\/\\\/oreaelenileros.com\\\/de\\\/\",\"name\":\"Orea Eleni Leros\",\"description\":\"Orea Eleni Leros offers a relaxing stay in the heart of Leros, Greece, combining comfort, simplicity, and genuine island hospitality. Our rooms are ideal for guests who want to enjoy the beauty of Leros, explore its beaches and local culture, and experience a peaceful and memorable holiday. With easy online booking and a welcoming atmosphere, Orea Eleni Leros is the perfect choice for your stay on this charming Greek island.\",\"publisher\":{\"@id\":\"https:\\\/\\\/oreaelenileros.com\\\/de\\\/#organization\"},\"potentialAction\":[{\"@type\":\"SearchAction\",\"target\":{\"@type\":\"EntryPoint\",\"urlTemplate\":\"https:\\\/\\\/oreaelenileros.com\\\/de\\\/?s={search_term_string}\"},\"query-input\":{\"@type\":\"PropertyValueSpecification\",\"valueRequired\":true,\"valueName\":\"search_term_string\"}}],\"inLanguage\":\"de\"},{\"@type\":\"Organization\",\"@id\":\"https:\\\/\\\/oreaelenileros.com\\\/de\\\/#organization\",\"name\":\"Orea Eleni Leros\",\"url\":\"https:\\\/\\\/oreaelenileros.com\\\/de\\\/\",\"logo\":{\"@type\":\"ImageObject\",\"inLanguage\":\"de\",\"@id\":\"https:\\\/\\\/oreaelenileros.com\\\/de\\\/#\\\/schema\\\/logo\\\/image\\\/\",\"url\":\"https:\\\/\\\/oreaelenileros.com\\\/wp-content\\\/uploads\\\/2026\\\/04\\\/LOGO-orea-eleni.png\",\"contentUrl\":\"https:\\\/\\\/oreaelenileros.com\\\/wp-content\\\/uploads\\\/2026\\\/04\\\/LOGO-orea-eleni.png\",\"width\":150,\"height\":150,\"caption\":\"Orea Eleni Leros\"},\"image\":{\"@id\":\"https:\\\/\\\/oreaelenileros.com\\\/de\\\/#\\\/schema\\\/logo\\\/image\\\/\"}}]}<\/script>\n<!-- \/ Yoast SEO plugin. -->","yoast_head_json":{"title":"\u00dcber Orea Eleni - Orea Eleni Leros","robots":{"index":"index","follow":"follow","max-snippet":"max-snippet:-1","max-image-preview":"max-image-preview:large","max-video-preview":"max-video-preview:-1"},"canonical":"https:\/\/oreaelenileros.com\/de\/uber-orea-eleni\/","og_locale":"de_DE","og_type":"article","og_title":"\u00dcber Orea Eleni - Orea Eleni Leros","og_description":"Ein ruhiger Aufenthalt in Vromolithos, Leros Orea Eleni ist eine familienfreundliche Immobilie in Vromolithos, Leros, mit 4 Wohnungen in einem Geb\u00e4ude. Das Grundst\u00fcck liegt in einer ruhigen Gegend, nur 50 Meter vom Meer entfernt, etwa 1 km vom Zentrum und dem Hafen sowie 6,4 km vom Flughafen entfernt. Die G\u00e4ste befinden sich au\u00dferdem in der [&hellip;]","og_url":"https:\/\/oreaelenileros.com\/de\/uber-orea-eleni\/","og_site_name":"Orea Eleni Leros","article_modified_time":"2026-04-16T22:01:23+00:00","og_image":[{"width":2048,"height":1536,"url":"https:\/\/oreaelenileros.com\/wp-content\/uploads\/2026\/04\/att.zd9cYKLzDlAqt9ZSAMZKEWTlfT8JU7aY4S9vsJAunas.jpeg","type":"image\/jpeg"}],"twitter_card":"summary_large_image","twitter_misc":{"Gesch\u00e4tzte Lesezeit":"1\u00a0Minute"},"schema":{"@context":"https:\/\/schema.org","@graph":[{"@type":"WebPage","@id":"https:\/\/oreaelenileros.com\/de\/uber-orea-eleni\/","url":"https:\/\/oreaelenileros.com\/de\/uber-orea-eleni\/","name":"\u00dcber Orea Eleni - Orea Eleni Leros","isPartOf":{"@id":"https:\/\/oreaelenileros.com\/de\/#website"},"primaryImageOfPage":{"@id":"https:\/\/oreaelenileros.com\/de\/uber-orea-eleni\/#primaryimage"},"image":{"@id":"https:\/\/oreaelenileros.com\/de\/uber-orea-eleni\/#primaryimage"},"thumbnailUrl":"https:\/\/oreaelenileros.com\/wp-content\/uploads\/2026\/04\/att.zd9cYKLzDlAqt9ZSAMZKEWTlfT8JU7aY4S9vsJAunas-1024x768.jpeg","datePublished":"2018-06-11T15:22:13+00:00","dateModified":"2026-04-16T22:01:23+00:00","breadcrumb":{"@id":"https:\/\/oreaelenileros.com\/de\/uber-orea-eleni\/#breadcrumb"},"inLanguage":"de","potentialAction":[{"@type":"ReadAction","target":["https:\/\/oreaelenileros.com\/de\/uber-orea-eleni\/"]}]},{"@type":"ImageObject","inLanguage":"de","@id":"https:\/\/oreaelenileros.com\/de\/uber-orea-eleni\/#primaryimage","url":"https:\/\/oreaelenileros.com\/wp-content\/uploads\/2026\/04\/att.zd9cYKLzDlAqt9ZSAMZKEWTlfT8JU7aY4S9vsJAunas-1024x768.jpeg","contentUrl":"https:\/\/oreaelenileros.com\/wp-content\/uploads\/2026\/04\/att.zd9cYKLzDlAqt9ZSAMZKEWTlfT8JU7aY4S9vsJAunas-1024x768.jpeg"},{"@type":"BreadcrumbList","@id":"https:\/\/oreaelenileros.com\/de\/uber-orea-eleni\/#breadcrumb","itemListElement":[{"@type":"ListItem","position":1,"name":"Home","item":"https:\/\/oreaelenileros.com\/de\/"},{"@type":"ListItem","position":2,"name":"\u00dcber Orea Eleni"}]},{"@type":"WebSite","@id":"https:\/\/oreaelenileros.com\/de\/#website","url":"https:\/\/oreaelenileros.com\/de\/","name":"Orea Eleni Leros","description":"Orea Eleni Leros offers a relaxing stay in the heart of Leros, Greece, combining comfort, simplicity, and genuine island hospitality. Our rooms are ideal for guests who want to enjoy the beauty of Leros, explore its beaches and local culture, and experience a peaceful and memorable holiday. With easy online booking and a welcoming atmosphere, Orea Eleni Leros is the perfect choice for your stay on this charming Greek island.","publisher":{"@id":"https:\/\/oreaelenileros.com\/de\/#organization"},"potentialAction":[{"@type":"SearchAction","target":{"@type":"EntryPoint","urlTemplate":"https:\/\/oreaelenileros.com\/de\/?s={search_term_string}"},"query-input":{"@type":"PropertyValueSpecification","valueRequired":true,"valueName":"search_term_string"}}],"inLanguage":"de"},{"@type":"Organization","@id":"https:\/\/oreaelenileros.com\/de\/#organization","name":"Orea Eleni Leros","url":"https:\/\/oreaelenileros.com\/de\/","logo":{"@type":"ImageObject","inLanguage":"de","@id":"https:\/\/oreaelenileros.com\/de\/#\/schema\/logo\/image\/","url":"https:\/\/oreaelenileros.com\/wp-content\/uploads\/2026\/04\/LOGO-orea-eleni.png","contentUrl":"https:\/\/oreaelenileros.com\/wp-content\/uploads\/2026\/04\/LOGO-orea-eleni.png","width":150,"height":150,"caption":"Orea Eleni Leros"},"image":{"@id":"https:\/\/oreaelenileros.com\/de\/#\/schema\/logo\/image\/"}}]}},"jetpack_sharing_enabled":true,"_links":{"self":[{"href":"https:\/\/oreaelenileros.com\/de\/wp-json\/wp\/v2\/pages\/1367","targetHints":{"allow":["GET"]}}],"collection":[{"href":"https:\/\/oreaelenileros.com\/de\/wp-json\/wp\/v2\/pages"}],"about":[{"href":"https:\/\/oreaelenileros.com\/de\/wp-json\/wp\/v2\/types\/page"}],"author":[{"embeddable":true,"href":"https:\/\/oreaelenileros.com\/de\/wp-json\/wp\/v2\/users\/1"}],"replies":[{"embeddable":true,"href":"https:\/\/oreaelenileros.com\/de\/wp-json\/wp\/v2\/comments?post=1367"}],"version-history":[{"count":4,"href":"https:\/\/oreaelenileros.com\/de\/wp-json\/wp\/v2\/pages\/1367\/revisions"}],"predecessor-version":[{"id":1402,"href":"https:\/\/oreaelenileros.com\/de\/wp-json\/wp\/v2\/pages\/1367\/revisions\/1402"}],"wp:attachment":[{"href":"https:\/\/oreaelenileros.com\/de\/wp-json\/wp\/v2\/media?parent=1367"}],"curies":[{"name":"wp","href":"https:\/\/api.w.org\/{rel}","templated":true}]}}