{"id":1350,"date":"2018-06-12T07:18:52","date_gmt":"2018-06-12T07:18:52","guid":{"rendered":"https:\/\/oreaelenileros.com\/?page_id=1350"},"modified":"2026-04-16T22:01:00","modified_gmt":"2026-04-16T22:01:00","slug":"kontaktieren-sie-uns","status":"publish","type":"page","link":"https:\/\/oreaelenileros.com\/de\/kontaktieren-sie-uns\/","title":{"rendered":"Kontaktieren Sie uns"},"content":{"rendered":"\t\t<div data-elementor-type=\"wp-page\" data-elementor-id=\"1350\" class=\"elementor elementor-1350 elementor-231\">\n\t\t\t\t\t\t<section class=\"elementor-section elementor-top-section elementor-element elementor-element-53ce4b1a elementor-section-boxed elementor-section-height-default elementor-section-height-default\" data-id=\"53ce4b1a\" data-element_type=\"section\" data-e-type=\"section\">\n\t\t\t\t\t\t<div class=\"elementor-container elementor-column-gap-wider\">\n\t\t\t\t\t<div class=\"elementor-column elementor-col-50 elementor-top-column elementor-element elementor-element-2b561988\" data-id=\"2b561988\" data-element_type=\"column\" data-e-type=\"column\">\n\t\t\t<div class=\"elementor-widget-wrap elementor-element-populated\">\n\t\t\t\t\t\t<div class=\"elementor-element elementor-element-53e98d83 elementor-widget elementor-widget-heading\" data-id=\"53e98d83\" data-element_type=\"widget\" data-e-type=\"widget\" data-widget_type=\"heading.default\">\n\t\t\t\t\t<h2 class=\"elementor-heading-title elementor-size-default\">Kontaktinformationen<\/h2>\t\t\t\t<\/div>\n\t\t\t\t<div class=\"elementor-element elementor-element-33012670 elementor-widget elementor-widget-image\" data-id=\"33012670\" data-element_type=\"widget\" data-e-type=\"widget\" data-widget_type=\"image.default\">\n\t\t\t\t\t\t\t\t\t\t\t\t\t\t\t<img fetchpriority=\"high\" decoding=\"async\" width=\"768\" height=\"1024\" src=\"https:\/\/oreaelenileros.com\/wp-content\/uploads\/2026\/04\/IMG_0057-1-1-768x1024.jpeg\" class=\"attachment-large size-large wp-image-1352\" alt=\"\" srcset=\"https:\/\/oreaelenileros.com\/wp-content\/uploads\/2026\/04\/IMG_0057-1-1-768x1024.jpeg 768w, https:\/\/oreaelenileros.com\/wp-content\/uploads\/2026\/04\/IMG_0057-1-1-225x300.jpeg 225w, https:\/\/oreaelenileros.com\/wp-content\/uploads\/2026\/04\/IMG_0057-1-1-1152x1536.jpeg 1152w, https:\/\/oreaelenileros.com\/wp-content\/uploads\/2026\/04\/IMG_0057-1-1-1536x2048.jpeg 1536w, https:\/\/oreaelenileros.com\/wp-content\/uploads\/2026\/04\/IMG_0057-1-1-scaled.jpeg 1920w\" sizes=\"(max-width: 768px) 100vw, 768px\" \/>\t\t\t\t\t\t\t\t\t\t\t\t\t\t\t<\/div>\n\t\t\t\t<div class=\"elementor-element elementor-element-6f32d74e elementor-widget elementor-widget-text-editor\" data-id=\"6f32d74e\" data-element_type=\"widget\" data-e-type=\"widget\" data-widget_type=\"text-editor.default\">\n\t\t\t\t\t\t\t\t\t<p data-start=\"603\" data-end=\"876\">Orea Eleni befindet sich in Vromolithos, Leros, nur 50 Meter vom Meer entfernt. Unsere Ferienapartments und Studios bieten einen ruhigen, familienfreundlichen Aufenthalt in der N\u00e4he des Panteli Beach, Caf\u00e9s, Restaurants, des Hafens und des Stadtzentrums. <\/p><p data-start=\"878\" data-end=\"929\"> <\/p>\t\t\t\t\t\t\t\t<\/div>\n\t\t\t\t<div class=\"elementor-element elementor-element-6b8e73c4 elementor-icon-list--layout-traditional elementor-list-item-link-full_width elementor-widget elementor-widget-icon-list\" data-id=\"6b8e73c4\" data-element_type=\"widget\" data-e-type=\"widget\" data-widget_type=\"icon-list.default\">\n\t\t\t\t\t\t\t<ul class=\"elementor-icon-list-items\">\n\t\t\t\t\t\t\t<li class=\"elementor-icon-list-item\">\n\t\t\t\t\t\t\t\t\t\t\t<span class=\"elementor-icon-list-icon\">\n\t\t\t\t\t\t\t<svg aria-hidden=\"true\" class=\"e-font-icon-svg e-fas-map-marker-alt\" viewBox=\"0 0 384 512\" xmlns=\"http:\/\/www.w3.org\/2000\/svg\"><path d=\"M172.268 501.67C26.97 291.031 0 269.413 0 192 0 85.961 85.961 0 192 0s192 85.961 192 192c0 77.413-26.97 99.031-172.268 309.67-9.535 13.774-29.93 13.773-39.464 0zM192 272c44.183 0 80-35.817 80-80s-35.817-80-80-80-80 35.817-80 80 35.817 80 80 80z\"><\/path><\/svg>\t\t\t\t\t\t<\/span>\n\t\t\t\t\t\t\t\t\t\t<span class=\"elementor-icon-list-text\">Vromolithos, Leros 85400, Griechenland<\/span>\n\t\t\t\t\t\t\t\t\t<\/li>\n\t\t\t\t\t\t\t\t<li class=\"elementor-icon-list-item\">\n\t\t\t\t\t\t\t\t\t\t\t<a href=\"https:\/\/wa.me\/306984527735\">\n\n\t\t\t\t\t\t\t\t\t\t\t\t<span class=\"elementor-icon-list-icon\">\n\t\t\t\t\t\t\t<svg aria-hidden=\"true\" class=\"e-font-icon-svg e-fas-phone\" viewBox=\"0 0 512 512\" xmlns=\"http:\/\/www.w3.org\/2000\/svg\"><path d=\"M493.4 24.6l-104-24c-11.3-2.6-22.9 3.3-27.5 13.9l-48 112c-4.2 9.8-1.4 21.3 6.9 28l60.6 49.6c-36 76.7-98.9 140.5-177.2 177.2l-49.6-60.6c-6.8-8.3-18.2-11.1-28-6.9l-112 48C3.9 366.5-2 378.1.6 389.4l24 104C27.1 504.2 36.7 512 48 512c256.1 0 464-207.5 464-464 0-11.2-7.7-20.9-18.6-23.4z\"><\/path><\/svg>\t\t\t\t\t\t<\/span>\n\t\t\t\t\t\t\t\t\t\t<span class=\"elementor-icon-list-text\">+30 698 452 7735<\/span>\n\t\t\t\t\t\t\t\t\t\t\t<\/a>\n\t\t\t\t\t\t\t\t\t<\/li>\n\t\t\t\t\t\t\t\t<li class=\"elementor-icon-list-item\">\n\t\t\t\t\t\t\t\t\t\t\t<a href=\"http:\/\/info@oreaelenileros.com\">\n\n\t\t\t\t\t\t\t\t\t\t\t\t<span class=\"elementor-icon-list-icon\">\n\t\t\t\t\t\t\t<svg aria-hidden=\"true\" class=\"e-font-icon-svg e-fas-paper-plane\" viewBox=\"0 0 512 512\" xmlns=\"http:\/\/www.w3.org\/2000\/svg\"><path d=\"M476 3.2L12.5 270.6c-18.1 10.4-15.8 35.6 2.2 43.2L121 358.4l287.3-253.2c5.5-4.9 13.3 2.6 8.6 8.3L176 407v80.5c0 23.6 28.5 32.9 42.5 15.8L282 426l124.6 52.2c14.2 6 30.4-2.9 33-18.2l72-432C515 7.8 493.3-6.8 476 3.2z\"><\/path><\/svg>\t\t\t\t\t\t<\/span>\n\t\t\t\t\t\t\t\t\t\t<span class=\"elementor-icon-list-text\">info@oreaelenileros.com<\/span>\n\t\t\t\t\t\t\t\t\t\t\t<\/a>\n\t\t\t\t\t\t\t\t\t<\/li>\n\t\t\t\t\t\t\t\t<li class=\"elementor-icon-list-item\">\n\t\t\t\t\t\t\t\t\t\t\t<span class=\"elementor-icon-list-icon\">\n\t\t\t\t\t\t\t<svg aria-hidden=\"true\" class=\"e-font-icon-svg e-fas-language\" viewBox=\"0 0 640 512\" xmlns=\"http:\/\/www.w3.org\/2000\/svg\"><path d=\"M152.1 236.2c-3.5-12.1-7.8-33.2-7.8-33.2h-.5s-4.3 21.1-7.8 33.2l-11.1 37.5H163zM616 96H336v320h280c13.3 0 24-10.7 24-24V120c0-13.3-10.7-24-24-24zm-24 120c0 6.6-5.4 12-12 12h-11.4c-6.9 23.6-21.7 47.4-42.7 69.9 8.4 6.4 17.1 12.5 26.1 18 5.5 3.4 7.3 10.5 4.1 16.2l-7.9 13.9c-3.4 5.9-10.9 7.8-16.7 4.3-12.6-7.8-24.5-16.1-35.4-24.9-10.9 8.7-22.7 17.1-35.4 24.9-5.8 3.5-13.3 1.6-16.7-4.3l-7.9-13.9c-3.2-5.6-1.4-12.8 4.2-16.2 9.3-5.7 18-11.7 26.1-18-7.9-8.4-14.9-17-21-25.7-4-5.7-2.2-13.6 3.7-17.1l6.5-3.9 7.3-4.3c5.4-3.2 12.4-1.7 16 3.4 5 7 10.8 14 17.4 20.9 13.5-14.2 23.8-28.9 30-43.2H412c-6.6 0-12-5.4-12-12v-16c0-6.6 5.4-12 12-12h64v-16c0-6.6 5.4-12 12-12h16c6.6 0 12 5.4 12 12v16h64c6.6 0 12 5.4 12 12zM0 120v272c0 13.3 10.7 24 24 24h280V96H24c-13.3 0-24 10.7-24 24zm58.9 216.1L116.4 167c1.7-4.9 6.2-8.1 11.4-8.1h32.5c5.1 0 9.7 3.3 11.4 8.1l57.5 169.1c2.6 7.8-3.1 15.9-11.4 15.9h-22.9a12 12 0 0 1-11.5-8.6l-9.4-31.9h-60.2l-9.1 31.8c-1.5 5.1-6.2 8.7-11.5 8.7H70.3c-8.2 0-14-8.1-11.4-15.9z\"><\/path><\/svg>\t\t\t\t\t\t<\/span>\n\t\t\t\t\t\t\t\t\t\t<span class=\"elementor-icon-list-text\">Sprachen: Englisch, Deutsch, Griechisch<\/span>\n\t\t\t\t\t\t\t\t\t<\/li>\n\t\t\t\t\t\t<\/ul>\n\t\t\t\t\t\t<\/div>\n\t\t\t\t<div class=\"elementor-element elementor-element-6f5e9f56 elementor-shape-circle e-grid-align-left elementor-grid-0 elementor-widget elementor-widget-social-icons\" data-id=\"6f5e9f56\" data-element_type=\"widget\" data-e-type=\"widget\" data-widget_type=\"social-icons.default\">\n\t\t\t\t\t\t\t<div class=\"elementor-social-icons-wrapper elementor-grid\" role=\"list\">\n\t\t\t\t\t\t\t<span class=\"elementor-grid-item\" role=\"listitem\">\n\t\t\t\t\t<a class=\"elementor-icon elementor-social-icon elementor-social-icon-facebook-f elementor-repeater-item-cec66aa\" target=\"_blank\">\n\t\t\t\t\t\t<span class=\"elementor-screen-only\">Facebook-f<\/span>\n\t\t\t\t\t\t<svg aria-hidden=\"true\" class=\"e-font-icon-svg e-fab-facebook-f\" viewBox=\"0 0 320 512\" xmlns=\"http:\/\/www.w3.org\/2000\/svg\"><path d=\"M279.14 288l14.22-92.66h-88.91v-60.13c0-25.35 12.42-50.06 52.24-50.06h40.42V6.26S260.43 0 225.36 0c-73.22 0-121.08 44.38-121.08 124.72v70.62H22.89V288h81.39v224h100.17V288z\"><\/path><\/svg>\t\t\t\t\t<\/a>\n\t\t\t\t<\/span>\n\t\t\t\t\t\t\t<span class=\"elementor-grid-item\" role=\"listitem\">\n\t\t\t\t\t<a class=\"elementor-icon elementor-social-icon elementor-social-icon-instagram elementor-repeater-item-e8a7b27\" target=\"_blank\">\n\t\t\t\t\t\t<span class=\"elementor-screen-only\">Instagram<\/span>\n\t\t\t\t\t\t<svg aria-hidden=\"true\" class=\"e-font-icon-svg e-fab-instagram\" viewBox=\"0 0 448 512\" xmlns=\"http:\/\/www.w3.org\/2000\/svg\"><path d=\"M224.1 141c-63.6 0-114.9 51.3-114.9 114.9s51.3 114.9 114.9 114.9S339 319.5 339 255.9 287.7 141 224.1 141zm0 189.6c-41.1 0-74.7-33.5-74.7-74.7s33.5-74.7 74.7-74.7 74.7 33.5 74.7 74.7-33.6 74.7-74.7 74.7zm146.4-194.3c0 14.9-12 26.8-26.8 26.8-14.9 0-26.8-12-26.8-26.8s12-26.8 26.8-26.8 26.8 12 26.8 26.8zm76.1 27.2c-1.7-35.9-9.9-67.7-36.2-93.9-26.2-26.2-58-34.4-93.9-36.2-37-2.1-147.9-2.1-184.9 0-35.8 1.7-67.6 9.9-93.9 36.1s-34.4 58-36.2 93.9c-2.1 37-2.1 147.9 0 184.9 1.7 35.9 9.9 67.7 36.2 93.9s58 34.4 93.9 36.2c37 2.1 147.9 2.1 184.9 0 35.9-1.7 67.7-9.9 93.9-36.2 26.2-26.2 34.4-58 36.2-93.9 2.1-37 2.1-147.8 0-184.8zM398.8 388c-7.8 19.6-22.9 34.7-42.6 42.6-29.5 11.7-99.5 9-132.1 9s-102.7 2.6-132.1-9c-19.6-7.8-34.7-22.9-42.6-42.6-11.7-29.5-9-99.5-9-132.1s-2.6-102.7 9-132.1c7.8-19.6 22.9-34.7 42.6-42.6 29.5-11.7 99.5-9 132.1-9s102.7-2.6 132.1 9c19.6 7.8 34.7 22.9 42.6 42.6 11.7 29.5 9 99.5 9 132.1s2.7 102.7-9 132.1z\"><\/path><\/svg>\t\t\t\t\t<\/a>\n\t\t\t\t<\/span>\n\t\t\t\t\t<\/div>\n\t\t\t\t\t\t<\/div>\n\t\t\t\t\t<\/div>\n\t\t<\/div>\n\t\t\t\t<div class=\"elementor-column elementor-col-50 elementor-top-column elementor-element elementor-element-8e4b0a6\" data-id=\"8e4b0a6\" data-element_type=\"column\" data-e-type=\"column\">\n\t\t\t<div class=\"elementor-widget-wrap elementor-element-populated\">\n\t\t\t\t\t\t<div class=\"elementor-element elementor-element-4777eeb0 elementor-widget elementor-widget-heading\" data-id=\"4777eeb0\" data-element_type=\"widget\" data-e-type=\"widget\" data-widget_type=\"heading.default\">\n\t\t\t\t\t<h2 class=\"elementor-heading-title elementor-size-default\">Haben Sie eine Frage?<\/h2>\t\t\t\t<\/div>\n\t\t\t\t<div class=\"elementor-element elementor-element-2f8fd3d elementor-widget elementor-widget-text-editor\" data-id=\"2f8fd3d\" data-element_type=\"widget\" data-e-type=\"widget\" data-widget_type=\"text-editor.default\">\n\t\t\t\t\t\t\t\t\t<p>Senden Sie uns Ihre Nachricht, und wir melden uns so schnell wie m\u00f6glich bez\u00fcglich Ihres Aufenthalts, Ihrer Verf\u00fcgbarkeit oder Fragen zu Orea Eleni.<\/p>\t\t\t\t\t\t\t\t<\/div>\n\t\t\t\t<div class=\"elementor-element elementor-element-642c121b elementor-widget elementor-widget-shortcode\" data-id=\"642c121b\" data-element_type=\"widget\" data-e-type=\"widget\" data-widget_type=\"shortcode.default\">\n\t\t\t\t\t\t\t<div class=\"elementor-shortcode\"><p class=\"wpcf7-contact-form-not-found\"><strong>Fehler:<\/strong> Kontaktformular wurde nicht gefunden.<\/p><\/div>\n\t\t\t\t\t\t<\/div>\n\t\t\t\t\t<\/div>\n\t\t<\/div>\n\t\t\t\t\t<\/div>\n\t\t<\/section>\n\t\t\t\t<\/div>\n\t\t","protected":false},"excerpt":{"rendered":"<p>Kontaktinformationen Orea Eleni befindet sich in Vromolithos, Leros, nur 50 Meter vom Meer entfernt. Unsere Ferienapartments und Studios bieten einen ruhigen, familienfreundlichen Aufenthalt in der N\u00e4he des Panteli Beach, Caf\u00e9s, Restaurants, des Hafens und des Stadtzentrums. Vromolithos, Leros 85400, Griechenland +30 698 452 7735 info@oreaelenileros.com Sprachen: Englisch, Deutsch, Griechisch Facebook-f Instagram Haben Sie eine Frage? [&hellip;]<\/p>\n","protected":false},"author":1,"featured_media":0,"parent":0,"menu_order":0,"comment_status":"closed","ping_status":"closed","template":"template-full-width.php","meta":{"footnotes":""},"class_list":["post-1350","page","type-page","status-publish","hentry"],"yoast_head":"<!-- This site is optimized with the Yoast SEO plugin v27.4 - https:\/\/yoast.com\/product\/yoast-seo-wordpress\/ -->\n<title>Kontaktieren Sie uns - Orea Eleni Leros<\/title>\n<meta name=\"robots\" content=\"index, follow, max-snippet:-1, max-image-preview:large, max-video-preview:-1\" \/>\n<link rel=\"canonical\" href=\"https:\/\/oreaelenileros.com\/de\/kontaktieren-sie-uns\/\" \/>\n<meta property=\"og:locale\" content=\"de_DE\" \/>\n<meta property=\"og:type\" content=\"article\" \/>\n<meta property=\"og:title\" content=\"Kontaktieren Sie uns - Orea Eleni Leros\" \/>\n<meta property=\"og:description\" content=\"Kontaktinformationen Orea Eleni befindet sich in Vromolithos, Leros, nur 50 Meter vom Meer entfernt. Unsere Ferienapartments und Studios bieten einen ruhigen, familienfreundlichen Aufenthalt in der N\u00e4he des Panteli Beach, Caf\u00e9s, Restaurants, des Hafens und des Stadtzentrums. Vromolithos, Leros 85400, Griechenland +30 698 452 7735 info@oreaelenileros.com Sprachen: Englisch, Deutsch, Griechisch Facebook-f Instagram Haben Sie eine Frage? [&hellip;]\" \/>\n<meta property=\"og:url\" content=\"https:\/\/oreaelenileros.com\/de\/kontaktieren-sie-uns\/\" \/>\n<meta property=\"og:site_name\" content=\"Orea Eleni Leros\" \/>\n<meta property=\"article:modified_time\" content=\"2026-04-16T22:01:00+00:00\" \/>\n<meta property=\"og:image\" content=\"https:\/\/oreaelenileros.com\/wp-content\/uploads\/2026\/04\/IMG_0057-1-1-scaled.jpeg\" \/>\n\t<meta property=\"og:image:width\" content=\"1920\" \/>\n\t<meta property=\"og:image:height\" content=\"2560\" \/>\n\t<meta property=\"og:image:type\" content=\"image\/jpeg\" \/>\n<meta name=\"twitter:card\" content=\"summary_large_image\" \/>\n<script type=\"application\/ld+json\" class=\"yoast-schema-graph\">{\"@context\":\"https:\\\/\\\/schema.org\",\"@graph\":[{\"@type\":\"WebPage\",\"@id\":\"https:\\\/\\\/oreaelenileros.com\\\/de\\\/kontaktieren-sie-uns\\\/\",\"url\":\"https:\\\/\\\/oreaelenileros.com\\\/de\\\/kontaktieren-sie-uns\\\/\",\"name\":\"Kontaktieren Sie uns - Orea Eleni Leros\",\"isPartOf\":{\"@id\":\"https:\\\/\\\/oreaelenileros.com\\\/de\\\/#website\"},\"primaryImageOfPage\":{\"@id\":\"https:\\\/\\\/oreaelenileros.com\\\/de\\\/kontaktieren-sie-uns\\\/#primaryimage\"},\"image\":{\"@id\":\"https:\\\/\\\/oreaelenileros.com\\\/de\\\/kontaktieren-sie-uns\\\/#primaryimage\"},\"thumbnailUrl\":\"https:\\\/\\\/oreaelenileros.com\\\/wp-content\\\/uploads\\\/2026\\\/04\\\/IMG_0057-1-1-768x1024.jpeg\",\"datePublished\":\"2018-06-12T07:18:52+00:00\",\"dateModified\":\"2026-04-16T22:01:00+00:00\",\"breadcrumb\":{\"@id\":\"https:\\\/\\\/oreaelenileros.com\\\/de\\\/kontaktieren-sie-uns\\\/#breadcrumb\"},\"inLanguage\":\"de\",\"potentialAction\":[{\"@type\":\"ReadAction\",\"target\":[\"https:\\\/\\\/oreaelenileros.com\\\/de\\\/kontaktieren-sie-uns\\\/\"]}]},{\"@type\":\"ImageObject\",\"inLanguage\":\"de\",\"@id\":\"https:\\\/\\\/oreaelenileros.com\\\/de\\\/kontaktieren-sie-uns\\\/#primaryimage\",\"url\":\"https:\\\/\\\/oreaelenileros.com\\\/wp-content\\\/uploads\\\/2026\\\/04\\\/IMG_0057-1-1-768x1024.jpeg\",\"contentUrl\":\"https:\\\/\\\/oreaelenileros.com\\\/wp-content\\\/uploads\\\/2026\\\/04\\\/IMG_0057-1-1-768x1024.jpeg\"},{\"@type\":\"BreadcrumbList\",\"@id\":\"https:\\\/\\\/oreaelenileros.com\\\/de\\\/kontaktieren-sie-uns\\\/#breadcrumb\",\"itemListElement\":[{\"@type\":\"ListItem\",\"position\":1,\"name\":\"Home\",\"item\":\"https:\\\/\\\/oreaelenileros.com\\\/de\\\/\"},{\"@type\":\"ListItem\",\"position\":2,\"name\":\"Kontaktieren Sie uns\"}]},{\"@type\":\"WebSite\",\"@id\":\"https:\\\/\\\/oreaelenileros.com\\\/de\\\/#website\",\"url\":\"https:\\\/\\\/oreaelenileros.com\\\/de\\\/\",\"name\":\"Orea Eleni Leros\",\"description\":\"Orea Eleni Leros offers a relaxing stay in the heart of Leros, Greece, combining comfort, simplicity, and genuine island hospitality. Our rooms are ideal for guests who want to enjoy the beauty of Leros, explore its beaches and local culture, and experience a peaceful and memorable holiday. With easy online booking and a welcoming atmosphere, Orea Eleni Leros is the perfect choice for your stay on this charming Greek island.\",\"publisher\":{\"@id\":\"https:\\\/\\\/oreaelenileros.com\\\/de\\\/#organization\"},\"potentialAction\":[{\"@type\":\"SearchAction\",\"target\":{\"@type\":\"EntryPoint\",\"urlTemplate\":\"https:\\\/\\\/oreaelenileros.com\\\/de\\\/?s={search_term_string}\"},\"query-input\":{\"@type\":\"PropertyValueSpecification\",\"valueRequired\":true,\"valueName\":\"search_term_string\"}}],\"inLanguage\":\"de\"},{\"@type\":\"Organization\",\"@id\":\"https:\\\/\\\/oreaelenileros.com\\\/de\\\/#organization\",\"name\":\"Orea Eleni Leros\",\"url\":\"https:\\\/\\\/oreaelenileros.com\\\/de\\\/\",\"logo\":{\"@type\":\"ImageObject\",\"inLanguage\":\"de\",\"@id\":\"https:\\\/\\\/oreaelenileros.com\\\/de\\\/#\\\/schema\\\/logo\\\/image\\\/\",\"url\":\"https:\\\/\\\/oreaelenileros.com\\\/wp-content\\\/uploads\\\/2026\\\/04\\\/LOGO-orea-eleni.png\",\"contentUrl\":\"https:\\\/\\\/oreaelenileros.com\\\/wp-content\\\/uploads\\\/2026\\\/04\\\/LOGO-orea-eleni.png\",\"width\":150,\"height\":150,\"caption\":\"Orea Eleni Leros\"},\"image\":{\"@id\":\"https:\\\/\\\/oreaelenileros.com\\\/de\\\/#\\\/schema\\\/logo\\\/image\\\/\"}}]}<\/script>\n<!-- \/ Yoast SEO plugin. -->","yoast_head_json":{"title":"Kontaktieren Sie uns - Orea Eleni Leros","robots":{"index":"index","follow":"follow","max-snippet":"max-snippet:-1","max-image-preview":"max-image-preview:large","max-video-preview":"max-video-preview:-1"},"canonical":"https:\/\/oreaelenileros.com\/de\/kontaktieren-sie-uns\/","og_locale":"de_DE","og_type":"article","og_title":"Kontaktieren Sie uns - Orea Eleni Leros","og_description":"Kontaktinformationen Orea Eleni befindet sich in Vromolithos, Leros, nur 50 Meter vom Meer entfernt. Unsere Ferienapartments und Studios bieten einen ruhigen, familienfreundlichen Aufenthalt in der N\u00e4he des Panteli Beach, Caf\u00e9s, Restaurants, des Hafens und des Stadtzentrums. Vromolithos, Leros 85400, Griechenland +30 698 452 7735 info@oreaelenileros.com Sprachen: Englisch, Deutsch, Griechisch Facebook-f Instagram Haben Sie eine Frage? [&hellip;]","og_url":"https:\/\/oreaelenileros.com\/de\/kontaktieren-sie-uns\/","og_site_name":"Orea Eleni Leros","article_modified_time":"2026-04-16T22:01:00+00:00","og_image":[{"width":1920,"height":2560,"url":"https:\/\/oreaelenileros.com\/wp-content\/uploads\/2026\/04\/IMG_0057-1-1-scaled.jpeg","type":"image\/jpeg"}],"twitter_card":"summary_large_image","schema":{"@context":"https:\/\/schema.org","@graph":[{"@type":"WebPage","@id":"https:\/\/oreaelenileros.com\/de\/kontaktieren-sie-uns\/","url":"https:\/\/oreaelenileros.com\/de\/kontaktieren-sie-uns\/","name":"Kontaktieren Sie uns - Orea Eleni Leros","isPartOf":{"@id":"https:\/\/oreaelenileros.com\/de\/#website"},"primaryImageOfPage":{"@id":"https:\/\/oreaelenileros.com\/de\/kontaktieren-sie-uns\/#primaryimage"},"image":{"@id":"https:\/\/oreaelenileros.com\/de\/kontaktieren-sie-uns\/#primaryimage"},"thumbnailUrl":"https:\/\/oreaelenileros.com\/wp-content\/uploads\/2026\/04\/IMG_0057-1-1-768x1024.jpeg","datePublished":"2018-06-12T07:18:52+00:00","dateModified":"2026-04-16T22:01:00+00:00","breadcrumb":{"@id":"https:\/\/oreaelenileros.com\/de\/kontaktieren-sie-uns\/#breadcrumb"},"inLanguage":"de","potentialAction":[{"@type":"ReadAction","target":["https:\/\/oreaelenileros.com\/de\/kontaktieren-sie-uns\/"]}]},{"@type":"ImageObject","inLanguage":"de","@id":"https:\/\/oreaelenileros.com\/de\/kontaktieren-sie-uns\/#primaryimage","url":"https:\/\/oreaelenileros.com\/wp-content\/uploads\/2026\/04\/IMG_0057-1-1-768x1024.jpeg","contentUrl":"https:\/\/oreaelenileros.com\/wp-content\/uploads\/2026\/04\/IMG_0057-1-1-768x1024.jpeg"},{"@type":"BreadcrumbList","@id":"https:\/\/oreaelenileros.com\/de\/kontaktieren-sie-uns\/#breadcrumb","itemListElement":[{"@type":"ListItem","position":1,"name":"Home","item":"https:\/\/oreaelenileros.com\/de\/"},{"@type":"ListItem","position":2,"name":"Kontaktieren Sie uns"}]},{"@type":"WebSite","@id":"https:\/\/oreaelenileros.com\/de\/#website","url":"https:\/\/oreaelenileros.com\/de\/","name":"Orea Eleni Leros","description":"Orea Eleni Leros offers a relaxing stay in the heart of Leros, Greece, combining comfort, simplicity, and genuine island hospitality. Our rooms are ideal for guests who want to enjoy the beauty of Leros, explore its beaches and local culture, and experience a peaceful and memorable holiday. With easy online booking and a welcoming atmosphere, Orea Eleni Leros is the perfect choice for your stay on this charming Greek island.","publisher":{"@id":"https:\/\/oreaelenileros.com\/de\/#organization"},"potentialAction":[{"@type":"SearchAction","target":{"@type":"EntryPoint","urlTemplate":"https:\/\/oreaelenileros.com\/de\/?s={search_term_string}"},"query-input":{"@type":"PropertyValueSpecification","valueRequired":true,"valueName":"search_term_string"}}],"inLanguage":"de"},{"@type":"Organization","@id":"https:\/\/oreaelenileros.com\/de\/#organization","name":"Orea Eleni Leros","url":"https:\/\/oreaelenileros.com\/de\/","logo":{"@type":"ImageObject","inLanguage":"de","@id":"https:\/\/oreaelenileros.com\/de\/#\/schema\/logo\/image\/","url":"https:\/\/oreaelenileros.com\/wp-content\/uploads\/2026\/04\/LOGO-orea-eleni.png","contentUrl":"https:\/\/oreaelenileros.com\/wp-content\/uploads\/2026\/04\/LOGO-orea-eleni.png","width":150,"height":150,"caption":"Orea Eleni Leros"},"image":{"@id":"https:\/\/oreaelenileros.com\/de\/#\/schema\/logo\/image\/"}}]}},"jetpack_sharing_enabled":true,"_links":{"self":[{"href":"https:\/\/oreaelenileros.com\/de\/wp-json\/wp\/v2\/pages\/1350","targetHints":{"allow":["GET"]}}],"collection":[{"href":"https:\/\/oreaelenileros.com\/de\/wp-json\/wp\/v2\/pages"}],"about":[{"href":"https:\/\/oreaelenileros.com\/de\/wp-json\/wp\/v2\/types\/page"}],"author":[{"embeddable":true,"href":"https:\/\/oreaelenileros.com\/de\/wp-json\/wp\/v2\/users\/1"}],"replies":[{"embeddable":true,"href":"https:\/\/oreaelenileros.com\/de\/wp-json\/wp\/v2\/comments?post=1350"}],"version-history":[{"count":2,"href":"https:\/\/oreaelenileros.com\/de\/wp-json\/wp\/v2\/pages\/1350\/revisions"}],"predecessor-version":[{"id":1360,"href":"https:\/\/oreaelenileros.com\/de\/wp-json\/wp\/v2\/pages\/1350\/revisions\/1360"}],"wp:attachment":[{"href":"https:\/\/oreaelenileros.com\/de\/wp-json\/wp\/v2\/media?parent=1350"}],"curies":[{"name":"wp","href":"https:\/\/api.w.org\/{rel}","templated":true}]}}